{"id":303,"date":"2023-11-25T11:27:11","date_gmt":"2023-11-25T11:27:11","guid":{"rendered":"https:\/\/restauranthusky.com\/?page_id=303"},"modified":"2023-11-28T20:16:26","modified_gmt":"2023-11-28T20:16:26","slug":"hivern","status":"publish","type":"page","link":"https:\/\/restauranthusky.com\/","title":{"rendered":"Hivern"},"content":{"rendered":"<div class=\"brz-root__container brz-reset-all\">\n<section data-uid=\"azmawujxcjfbyayscbfqckpimwtqiculduvb\" id=\"azmawujxcjfbyayscbfqckpimwtqiculduvb\" class=\"brz-section brz-css-cxgxh\">\n<div class=\"brz-section__content brz-section--boxed brz-css-bjbjq brz-css-cqrbc\" data-custom-id=\"eajcruspqblfriwiqzeexzxkankyntofunkx\">\n<div class=\"brz-bg\">\n<div class=\"brz-bg-image\"><\/div>\n<\/div>\n<div class=\"brz-container brz-css-ycsji\">\n<div data-iteration-count=\"1\" class=\"brz-css-vdgeu brz-css-hysfe brz-wrapper brz-animated brz-css-dwyfl brz-css-fnwea\">\n<div class=\"brz-rich-text brz-css-cyhkp\" data-custom-id=\"pvcudwprjqguehcjmbkcyqzrsenieyegyady\">\n<div>\n<h1 class=\"brz-css-adjel\" data-generated-css=\"brz-css-wwvgc\" data-uniq-id=\"qvefi\"><em class=\"brz-cp-color1\">L&#8217;HUSKY<\/em><\/h1>\n<\/div>\n<\/div>\n<\/div>\n<div class=\"brz-row__container brz-css-tcgwn\" data-custom-id=\"qcmtcmguvdlmmdlhlcibhtvunagvoypcgvqu\">\n<div class=\"brz-row brz-css-gmuiu brz-css-hxmql\">\n<div class=\"brz-columns brz-css-bqucp brz-css-xykgd\" data-custom-id=\"mimvsnzqoqxrdmzodnhasyxwpeqnfssvhylb\">\n<div class=\"brz-column__items brz-css-bufdw\">\n<div class=\"brz-css-vdgeu brz-css-vawwa brz-wrapper\">\n<div class=\"brz-line brz-css-rawcp brz-css-jbblr\" data-custom-id=\"asextdqksyofjyqrmrzozygxcudjxmnsefzz\">\n<hr class=\"brz-hr\" \/><\/div>\n<\/div>\n<\/div>\n<\/div>\n<div class=\"brz-columns brz-css-bqucp brz-css-oajyo\" data-custom-id=\"szfjmisumyndbpbruukbcatmzcamekvdwisw\">\n<div class=\"brz-column__items brz-css-bufdw brz-css-evron\">\n<div class=\"brz-wrapper-clone brz-css-bwrxw brz-css-zoyto\">\n<div class=\"brz-d-xs-flex brz-flex-xs-wrap brz-css-daecm\">\n<div class=\"brz-wrapper-clone__item brz-css-setzr\" id=\"cpsqzyzlcvsfnybtsnposquvjqksomzfttcv\">\n<div class=\"brz-icon__container\" data-custom-id=\"cpsqzyzlcvsfnybtsnposquvjqksomzfttcv\"><a class=\"brz-a brz-anchor\" href=\"#sCNIR441NV\" data-brz-link-type=\"anchor\"><span class=\"brz-span brz-icon css-bqdsof\"><\/span><\/a><\/div>\n<\/div>\n<\/div>\n<\/div>\n<\/div>\n<\/div>\n<div class=\"brz-columns brz-css-bqucp brz-css-wqwii\" data-custom-id=\"ltkarlaazstgejdwafwoeqjlofjqbtfhmjoi\">\n<div class=\"brz-column__items brz-css-bufdw\">\n<div class=\"brz-css-vdgeu brz-css-mnzrw brz-wrapper\">\n<div class=\"brz-line brz-css-rawcp brz-css-hfzov\" data-custom-id=\"hbfvgcfmzmdsdhltubnnbifepebydhjkiwjj\">\n<hr class=\"brz-hr\" \/><\/div>\n<\/div>\n<\/div>\n<\/div>\n<\/div>\n<\/div>\n<\/div>\n<\/div>\n<\/section>\n<section data-uid=\"gzwcmeqmmcphkcyhtdyedanfgbrebtgtqrum\" id=\"gzwcmeqmmcphkcyhtdyedanfgbrebtgtqrum\" class=\"brz-section brz-css-cxgxh\">\n<div class=\"brz-section__content brz-section--boxed brz-css-bjbjq brz-css-bwstv\" data-custom-id=\"foqzaddmhhtqfzfxsekybkfogcbafqswwkxz\">\n<div class=\"brz-bg\">\n<div class=\"brz-bg-color\"><\/div>\n<\/div>\n<div class=\"brz-container brz-css-ycsji brz-css-pshtb\">\n<div class=\"brz-row__container brz-css-tcgwn\" data-custom-id=\"pjhuhodrayjxemrmtkvlurxpafzdmqhoynce\">\n<div class=\"brz-row brz-css-gmuiu brz-css-hxmql\">\n<div class=\"brz-columns brz-css-bqucp brz-css-vvdsq\" data-custom-id=\"fqbiwpeiwmxttpplmaiuhnuaamsicnngdmyz\">\n<div class=\"brz-bg\">\n<div class=\"brz-bg-color\"><\/div>\n<\/div>\n<div class=\"brz-column__items brz-css-bufdw brz-css-maivw\">\n<div class=\"brz-css-vdgeu brz-css-pexbb brz-wrapper\">\n<div class=\"brz-rich-text brz-css-cyhkp\" data-custom-id=\"lnuiksupdngjtwnmcwqzmjccatapikgeemlc\">\n<div>\n<p data-uniq-id=\"gcxtk\" data-generated-css=\"brz-css-epmtg\" class=\"brz-css-wgjbq\">\n<p class=\"brz-css-kijam\" data-uniq-id=\"xoajd\" data-generated-css=\"brz-css-ffctn\">Terrassa panor\u00e0mica a peu de pistes. Especialitats: Raclette; Fondues; Tartiflettes; Pierrades plats del dia, propostes del dia<\/p>\n<p data-uniq-id=\"wetws\" data-generated-css=\"brz-css-grvhy\" class=\"brz-css-oqpvw\"><\/p>\n<\/div>\n<\/div>\n<\/div>\n<div class=\"brz-css-vdgeu brz-wrapper\">\n<div class=\"brz-rich-text brz-css-cyhkp\" data-custom-id=\"hgcxwqxfowgdkztebeecmgodqtavtskizxay\">\n<div>\n<pre class=\"brz-css-mboby\" data-generated-css=\"brz-css-lvnqa\" data-uniq-id=\"zteth\"><em>\"\u00c9s un negoci familiar i ho pots sentir de seguida. <\/em><\/pre>\n<pre class=\"brz-css-vfdal\" data-generated-css=\"brz-css-rxrbl\" data-uniq-id=\"slexu\"><em>El servei \u00e9s meravell\u00f3s, el menjar \u00e9s molt sabor\u00f3s i tens unes vistes immillorables!\"<\/em><\/pre>\n<pre class=\"brz-css-pmhpz\" data-generated-css=\"brz-css-fuxdt\" data-uniq-id=\"eoiuv\"><em> <\/em><\/pre>\n<pre class=\"brz-css-ekepq\" data-uniq-id=\"ciree\" data-generated-css=\"brz-css-hnzeg\"><em>\" El menjar \u00e9s excel\u00b7lent, el personal \u00e9s molt amable i servicial, l'ambient \u00e9s animat\" <\/em><\/pre>\n<\/div>\n<\/div>\n<\/div>\n<div class=\"brz-wrapper-clone brz-css-bwrxw\">\n<div class=\"brz-d-xs-flex brz-flex-xs-wrap brz-css-daecm\">\n<div class=\"brz-wrapper-clone__item brz-css-setzr\" id=\"wngjfkkyedbuzdauhqicwiwvsswwfngstixf\"><a class=\"brz-a brz-btn brz-css-bjiqb brz-css-kubcm\" href=\"https:\/\/search.google.com\/local\/writereview?placeid=ChIJ1SVUqYt9rxIRLJiMeYlfcgk\" target=\"_blank\" rel=\"noopener\" data-brz-link-type=\"external\" data-custom-id=\"wngjfkkyedbuzdauhqicwiwvsswwfngstixf\"><span class=\"brz-span brz-text__editor\">\u00a0Deixeu-nos una ressenya a Google<\/span><\/a><\/div>\n<\/div>\n<\/div>\n<div class=\"brz-css-vdgeu brz-wrapper\">\n<div class=\"brz-rich-text brz-css-cyhkp\" data-custom-id=\"hnrlxxvtjbecgihsfwiemwblltbvyyckmnyy\">\n<div>\n<p data-uniq-id=\"sgndb\" data-generated-css=\"brz-css-vcgmf\" class=\"brz-css-wqmdt\"><strong>\u2746 I si teniu fred \u2746<\/strong><\/p>\n<\/div>\n<\/div>\n<\/div>\n<div class=\"brz-css-vdgeu brz-wrapper\">\n<div class=\"brz-image__gallery\" data-custom-id=\"avdvyphduyxbvwllqpzmpwpvohmyirsqyhtm\">\n<div class=\"brz-image__gallery-wrapper brz-d-xs-flex brz-flex-xs-wrap brz-css-tuigt\">\n<div class=\"brz-image__gallery-item\">\n<div class=\"brz-image brz-css-xhkti\"><img decoding=\"async\" class=\"brz-img brz-p-absolute\" src=\"https:\/\/restauranthusky.com\/wp-content\/uploads\/brizy\/303\/assets\/images\/iW=529&amp;iH=361&amp;oX=24&amp;oY=0&amp;cW=481&amp;cH=361\/WhatsApp-Image-2023-11-27-at-15.53.03.jpeg\" alt=\"\" loading=\"lazy\" \/><\/div>\n<\/div>\n<div class=\"brz-image__gallery-item\">\n<div class=\"brz-image brz-css-rermx\"><img decoding=\"async\" class=\"brz-img brz-p-absolute\" src=\"https:\/\/restauranthusky.com\/wp-content\/uploads\/brizy\/303\/assets\/images\/iW=481&amp;iH=425&amp;oX=0&amp;oY=32&amp;cW=481&amp;cH=361\/WhatsApp-Image-2023-11-27-at-15.53.04.jpeg\" alt=\"\" loading=\"lazy\" \/><\/div>\n<\/div>\n<\/div>\n<\/div>\n<\/div>\n<div class=\"brz-css-vdgeu brz-css-gqucq brz-css-bxyxz brz-wrapper\">\n<div class=\"brz-spacer brz-css-nomij\"><\/div>\n<\/div>\n<\/div>\n<\/div>\n<\/div>\n<\/div>\n<\/div>\n<\/div>\n<\/section>\n<section data-uid=\"eafipwomwkubxekzoktvsksdbmftyjhscwsj\" id=\"eafipwomwkubxekzoktvsksdbmftyjhscwsj\" class=\"brz-section brz-css-cxgxh\">\n<div class=\"brz-section__content brz-section--boxed brz-css-bjbjq brz-css-mvdhk\" data-custom-id=\"nwodsfeduqdjotcotmcrbjxnijwzpfeawqho\">\n<div class=\"brz-bg\">\n<div class=\"brz-bg-image\"><\/div>\n<div class=\"brz-bg-color\"><\/div>\n<\/div>\n<div class=\"brz-container brz-css-ycsji brz-css-rwikl\">\n<div class=\"brz-row__container brz-css-tcgwn\" data-custom-id=\"rgtncqjtlynxntyenkllrlqfszepwiyctsvs\">\n<div class=\"brz-row brz-css-gmuiu brz-css-hxmql\">\n<div class=\"brz-columns brz-css-bqucp brz-css-ubvvh\" data-custom-id=\"tgdeshuojjjhqlnamjmxgprfntctmwpoebhw\">\n<div class=\"brz-bg\"><\/div>\n<div class=\"brz-column__items brz-css-bufdw brz-css-kaewz\">\n<div class=\"brz-css-vdgeu brz-wrapper\">\n<div class=\"brz-rich-text brz-css-cyhkp\" data-custom-id=\"tfdojntsajfieagqlinqzijpqhjgkmpyipam\">\n<div>\n<h2 class=\"brz-css-osnnz\" data-uniq-id=\"mbhfl\" data-generated-css=\"brz-css-scvmx\"><span class=\"brz-cp-color6\">Terrassa panor\u00e0mica a peu de pistes<\/span><\/h2>\n<\/div>\n<\/div>\n<\/div>\n<\/div>\n<\/div>\n<\/div>\n<\/div>\n<\/div>\n<\/div>\n<\/section>\n<section data-uid=\"kmvoggejnpozkmiuezpaazyyowfmonmzaysf\" id=\"kmvoggejnpozkmiuezpaazyyowfmonmzaysf\" class=\"brz-section brz-css-cxgxh\">\n<div class=\"brz-section__content brz-section--boxed brz-css-bjbjq brz-css-qfpsw\" data-custom-id=\"wdtvujvriilmuekklpktoyfchvpzniuhucfk\">\n<div class=\"brz-bg\">\n<div class=\"brz-bg-color\"><\/div>\n<\/div>\n<div class=\"brz-container brz-css-ycsji\">\n<div class=\"brz-css-vdgeu brz-wrapper\">\n<div class=\"brz-rich-text brz-css-cyhkp\" data-custom-id=\"myrspchgxbrfcguokaqcnarevpfzcwcvvczh\">\n<div>\n<h2 class=\"brz-css-exoym\" data-generated-css=\"brz-css-kdpff\" data-uniq-id=\"etfpv\"><span class=\"brz-cp-color1\">El nostre restaurant<\/span><\/h2>\n<\/div>\n<\/div>\n<\/div>\n<div class=\"brz-css-vdgeu brz-css-gqucq brz-css-eyetq brz-wrapper\">\n<div class=\"brz-spacer brz-css-nomij brz-css-mhcij\"><\/div>\n<\/div>\n<div class=\"brz-row__container brz-css-tcgwn\" data-custom-id=\"fyobwxfkuvcgnyijetqsdeqidcggypzwnzzo\">\n<div class=\"brz-row brz-css-gmuiu brz-css-hxmql\">\n<div class=\"brz-columns brz-css-bqucp\" data-custom-id=\"vqnyknflynekyuidfbsnmoifexyzhmoxwkew\">\n<div class=\"brz-column__items brz-css-bufdw\">\n<div class=\"brz-css-vdgeu brz-wrapper\">\n<div class=\"brz-image brz-css-lmzqo\"><img decoding=\"async\" class=\"brz-img brz-p-absolute\" src=\"https:\/\/restauranthusky.com\/wp-content\/uploads\/brizy\/303\/assets\/images\/iW=555&amp;iH=694&amp;oX=0&amp;oY=139&amp;cW=555&amp;cH=416\/210570828_832209600745025_1619068748044189837_n.jpg\" alt=\"\" loading=\"lazy\" \/><\/div>\n<\/div>\n<\/div>\n<\/div>\n<div class=\"brz-columns brz-css-bqucp\" data-custom-id=\"heskjqntptfuysgbfcbaxfasinuizyvlpklv\">\n<div class=\"brz-column__items brz-css-bufdw\">\n<div class=\"brz-css-vdgeu brz-wrapper\">\n<div class=\"brz-image brz-css-tusgh\"><img decoding=\"async\" class=\"brz-img brz-p-absolute\" src=\"https:\/\/restauranthusky.com\/wp-content\/uploads\/brizy\/303\/assets\/images\/iW=555&amp;iH=555&amp;oX=0&amp;oY=69&amp;cW=555&amp;cH=416\/106719957_1141384016245673_1186879289676065147_n.jpg\" alt=\"\" loading=\"lazy\" \/><\/div>\n<\/div>\n<\/div>\n<\/div>\n<\/div>\n<\/div>\n<div class=\"brz-css-vdgeu brz-css-gqucq brz-wrapper\">\n<div class=\"brz-spacer brz-css-nomij brz-css-vlseg\"><\/div>\n<\/div>\n<div class=\"brz-row__container brz-css-tcgwn\" data-custom-id=\"fqdugvczqmgosvvibpeiugmfsyjqueiabehs\">\n<div class=\"brz-row brz-css-gmuiu brz-css-hxmql\">\n<div class=\"brz-columns brz-css-bqucp\" data-custom-id=\"ihkteedecyjqeweodtijjstltycdaxlvkqmm\">\n<div class=\"brz-column__items brz-css-bufdw\">\n<div class=\"brz-css-vdgeu brz-wrapper\">\n<div class=\"brz-image brz-css-noble\"><img decoding=\"async\" class=\"brz-img brz-p-absolute\" src=\"https:\/\/restauranthusky.com\/wp-content\/uploads\/brizy\/303\/assets\/images\/iW=627&amp;iH=416&amp;oX=36&amp;oY=0&amp;cW=555&amp;cH=416\/131930321_203408881326973_5483360514605541899_n.jpg\" alt=\"\" loading=\"lazy\" \/><\/div>\n<\/div>\n<\/div>\n<\/div>\n<div class=\"brz-columns brz-css-bqucp\" data-custom-id=\"ovqwnolraqlkljdsyrubtinnzfrwluugxqho\">\n<div class=\"brz-column__items brz-css-bufdw\">\n<div class=\"brz-css-vdgeu brz-wrapper\">\n<div class=\"brz-image brz-css-mnnbn\"><img decoding=\"async\" class=\"brz-img brz-p-absolute\" src=\"https:\/\/restauranthusky.com\/wp-content\/uploads\/brizy\/303\/assets\/images\/iW=555&amp;iH=519&amp;oX=0&amp;oY=52&amp;cW=555&amp;cH=415\/196451113_484571806149832_3671294062362075792_n.jpg\" alt=\"\" loading=\"lazy\" \/><\/div>\n<\/div>\n<\/div>\n<\/div>\n<\/div>\n<\/div>\n<div class=\"brz-css-vdgeu brz-css-gqucq brz-wrapper\">\n<div class=\"brz-spacer brz-css-nomij brz-css-krogi\"><\/div>\n<\/div>\n<\/div>\n<\/div>\n<\/section>\n<section data-uid=\"ydzbvrguzmshuwhjviuohvutnxjpogwcljao\" id=\"ydzbvrguzmshuwhjviuohvutnxjpogwcljao\" class=\"brz-section brz-css-cxgxh\">\n<div class=\"brz-section__content brz-section--boxed brz-css-bjbjq brz-css-zmbid\" data-custom-id=\"jhplvmgbxqesbfjwtbptpirgphezswnmipcw\">\n<div class=\"brz-bg\">\n<div class=\"brz-bg-color\"><\/div>\n<\/div>\n<div class=\"brz-container brz-css-ycsji brz-css-jbemd\">\n<div class=\"brz-css-vdgeu brz-wrapper\">\n<div class=\"brz-rich-text brz-css-cyhkp\" data-custom-id=\"wtkqsyllvfwqdqjdppnjdgybrxbyjjwzldgm\">\n<div>\n<h2 class=\"brz-css-dndkb\" data-uniq-id=\"iqheg\" data-generated-css=\"brz-css-lwbho\">Vine a visitar-nos<\/h2>\n<\/div>\n<\/div>\n<\/div>\n<div class=\"brz-css-vdgeu brz-css-gqucq brz-wrapper\">\n<div class=\"brz-spacer brz-css-nomij brz-css-uynij\"><\/div>\n<\/div>\n<div class=\"brz-css-vdgeu brz-wrapper\">\n<div class=\"brz-rich-text brz-css-cyhkp\" data-custom-id=\"bysolsrqsoobpttflrcyeevcgtkcuvdmiogr\">\n<div>\n<p class=\"brz-css-woxin\" data-uniq-id=\"qpnvy\" data-generated-css=\"brz-css-pevdm\"><span class=\"brz-cp-color3\">ADRE\u00c7A:<\/span><\/p>\n<p data-uniq-id=\"ofmqv\" data-generated-css=\"brz-css-abiuu\" class=\"brz-css-ppqvu\"><strong>Pla\u00e7a dels Vaquers, 15, AD200 Pas de la Casa<\/strong><\/p>\n<\/div>\n<\/div>\n<\/div>\n<div class=\"brz-css-vdgeu brz-css-nkveo brz-wrapper\">\n<div class=\"brz-map brz-css-ceyds\" data-custom-id=\"sbyjqwkjmvtnpedxuxuddfetlsbvrsrzjxau\">\n<div class=\"brz-map-content\"><\/div>\n<\/div>\n<\/div>\n<div class=\"brz-row__container brz-css-tcgwn\" data-custom-id=\"jgyutrkaxtyejcurzkzmwxtgbnzuypttjajt\">\n<div class=\"brz-row brz-css-gmuiu brz-css-hxmql\">\n<div class=\"brz-columns brz-css-bqucp brz-css-badfu\" data-custom-id=\"itqpigwcedunrwgnvgxoxpbhgqsrefumdlqp\">\n<div class=\"brz-column__items brz-css-bufdw brz-css-cphaf\">\n<div class=\"brz-css-vdgeu brz-wrapper\">\n<div class=\"brz-rich-text brz-css-cyhkp\" data-custom-id=\"mqhlutccqlfqwczpmlkozldrfczgdmnlvoje\">\n<div>\n<p class=\"brz-css-bibdd\" data-uniq-id=\"capnb\" data-generated-css=\"brz-css-qicss\"><span class=\"brz-cp-color3\">TEL\u00c8FON<\/span><\/p>\n<h6 class=\"brz-css-slmzo\" data-uniq-id=\"gnwzo\" data-generated-css=\"brz-css-ngwmw\"><span class=\"brz-cp-color2\">+(376) 855 248<\/span><\/h6>\n<\/div>\n<\/div>\n<\/div>\n<\/div>\n<\/div>\n<div class=\"brz-columns brz-css-bqucp\" data-custom-id=\"sihgckerkshmfesgstylvfwqrwzkkbgkchfk\">\n<div class=\"brz-column__items brz-css-bufdw\">\n<div class=\"brz-css-vdgeu brz-css-basfj brz-wrapper\">\n<div class=\"brz-rich-text brz-css-cyhkp\" data-custom-id=\"wibyoxkhdwqijydpdifzqfiznrbmzncvppbc\">\n<div>\n<p class=\"brz-css-lyxke\"><span class=\"brz-cp-color3\">SOCIAL<\/span><\/p>\n<\/div>\n<\/div>\n<\/div>\n<div class=\"brz-wrapper-clone brz-css-bwrxw brz-css-wpdee\">\n<div class=\"brz-d-xs-flex brz-flex-xs-wrap brz-css-daecm brz-css-becet\">\n<div class=\"brz-wrapper-clone__item brz-css-setzr\" id=\"hgdnjmpkjpudlpnwqccguapwhgwvqmqicrxf\">\n<div class=\"brz-icon__container\" data-custom-id=\"hgdnjmpkjpudlpnwqccguapwhgwvqmqicrxf\"><a class=\"brz-a\" href=\"https:\/\/www.instagram.com\/restaurant_husky\/\" target=\"_blank\" rel=\"noopener\" data-brz-link-type=\"external\"><span class=\"brz-span brz-icon css-pwi9ep\">  <\/span><\/a><\/div>\n<\/div>\n<div class=\"brz-wrapper-clone__item brz-css-setzr\" id=\"vygotasqtngendsrpomissucevjukfnljcdv\">\n<div class=\"brz-icon__container\" data-custom-id=\"vygotasqtngendsrpomissucevjukfnljcdv\"><a class=\"brz-a\" href=\"https:\/\/www.facebook.com\/LHusky-Andorra-226623517515366\/\" target=\"_blank\" rel=\"noopener\" data-brz-link-type=\"external\"><span class=\"brz-span brz-icon css-bbf5az\"><\/span><\/a><\/div>\n<\/div>\n<\/div>\n<\/div>\n<\/div>\n<\/div>\n<\/div>\n<\/div>\n<\/div>\n<\/div>\n<\/section>\n<\/div>\n<p><!-- version:1701202586 --><\/p>\n","protected":false},"excerpt":{"rendered":"<p>L&#8217;HUSKY Terrassa panor\u00e0mica a peu de pistes. Especialitats: Raclette; Fondues; Tartiflettes; Pierrades plats del dia, propostes del dia \u00ab\u00c9s un negoci familiar i ho pots sentir de seguida. El servei \u00e9s meravell\u00f3s, el menjar \u00e9s molt sabor\u00f3s i tens unes vistes immillorables!\u00bb \u00bb El menjar \u00e9s excel\u00b7lent, el personal \u00e9s molt amable i servicial, l&#8217;ambient &hellip; <\/p>\n<p class=\"link-more\"><a href=\"https:\/\/restauranthusky.com\/\" class=\"more-link\">Seguir leyendo<span class=\"screen-reader-text\"> \u00abHivern\u00bb<\/span><\/a><\/p>\n","protected":false},"author":1,"featured_media":0,"parent":0,"menu_order":0,"comment_status":"closed","ping_status":"closed","template":"brizy-blank-template.php","meta":{"om_disable_all_campaigns":false,"_monsterinsights_skip_tracking":false,"_monsterinsights_sitenote_active":false,"_monsterinsights_sitenote_note":"","_monsterinsights_sitenote_category":0,"footnotes":""},"_links":{"self":[{"href":"https:\/\/restauranthusky.com\/index.php\/wp-json\/wp\/v2\/pages\/303"}],"collection":[{"href":"https:\/\/restauranthusky.com\/index.php\/wp-json\/wp\/v2\/pages"}],"about":[{"href":"https:\/\/restauranthusky.com\/index.php\/wp-json\/wp\/v2\/types\/page"}],"author":[{"embeddable":true,"href":"https:\/\/restauranthusky.com\/index.php\/wp-json\/wp\/v2\/users\/1"}],"replies":[{"embeddable":true,"href":"https:\/\/restauranthusky.com\/index.php\/wp-json\/wp\/v2\/comments?post=303"}],"version-history":[{"count":30,"href":"https:\/\/restauranthusky.com\/index.php\/wp-json\/wp\/v2\/pages\/303\/revisions"}],"predecessor-version":[{"id":401,"href":"https:\/\/restauranthusky.com\/index.php\/wp-json\/wp\/v2\/pages\/303\/revisions\/401"}],"wp:attachment":[{"href":"https:\/\/restauranthusky.com\/index.php\/wp-json\/wp\/v2\/media?parent=303"}],"curies":[{"name":"wp","href":"https:\/\/api.w.org\/{rel}","templated":true}]}}